{"id":335,"date":"2022-08-07T15:43:59","date_gmt":"2022-08-07T13:43:59","guid":{"rendered":"https:\/\/psychoterapiawtoruniu.pl\/?page_id=335"},"modified":"2026-04-07T10:51:03","modified_gmt":"2026-04-07T08:51:03","slug":"psychoterapia","status":"publish","type":"page","link":"https:\/\/psychoterapiawtoruniu.pl\/index.php\/psychoterapia\/","title":{"rendered":"Psychoterapia"},"content":{"rendered":"<p>[et_pb_section fb_built=&#8221;1&#8243; next_background_color=&#8221;#FFFFFF&#8221; _builder_version=&#8221;4.17.4&#8243; _module_preset=&#8221;default&#8221; use_background_color_gradient=&#8221;on&#8221; background_color_gradient_type=&#8221;circular&#8221; background_color_gradient_direction_radial=&#8221;top left&#8221; background_color_gradient_stops=&#8221;rgba(255,227,208,0.7) 50%|rgba(255,227,208,0.3) 100%&#8221; background_color_gradient_overlays_image=&#8221;on&#8221; background_color_gradient_start=&#8221;rgba(255,227,208,0.7)&#8221; background_color_gradient_start_position=&#8221;50%&#8221; background_color_gradient_end=&#8221;rgba(255,227,208,0.3)&#8221; background_image=&#8221;https:\/\/psychoterapiawtoruniu.pl\/wp-content\/uploads\/2022\/08\/gabinet-logo.png&#8221; custom_margin=&#8221;||||false&#8221; custom_padding=&#8221;0vw||4vw||false|false&#8221; mix_blend_mode=&#8221;lighten&#8221; bottom_divider_style=&#8221;curve&#8221; bottom_divider_height=&#8221;2.5vw&#8221; global_colors_info=&#8221;{}&#8221;][et_pb_row _builder_version=&#8221;4.16&#8243; _module_preset=&#8221;default&#8221; animation_style=&#8221;fade&#8221; global_colors_info=&#8221;{}&#8221;][et_pb_column type=&#8221;4_4&#8243; _builder_version=&#8221;4.16&#8243; _module_preset=&#8221;default&#8221; custom_padding=&#8221;|||&#8221; global_colors_info=&#8221;{}&#8221; custom_padding__hover=&#8221;|||&#8221;][et_pb_text _builder_version=&#8221;4.17.4&#8243; _module_preset=&#8221;default&#8221; text_font=&#8221;||||||||&#8221; text_font_size=&#8221;18px&#8221; text_line_height=&#8221;2em&#8221; header_font=&#8221;Montserrat|300|||||||&#8221; header_font_size=&#8221;50px&#8221; header_line_height=&#8221;1.4em&#8221; text_orientation=&#8221;center&#8221; max_width=&#8221;700px&#8221; module_alignment=&#8221;center&#8221; header_font_size_tablet=&#8221;40px&#8221; header_font_size_phone=&#8221;32px&#8221; header_font_size_last_edited=&#8221;on|desktop&#8221; text_text_shadow_style=&#8221;preset5&#8243; text_text_shadow_color=&#8221;#000000&#8243; global_colors_info=&#8221;{}&#8221;]<\/p>\n<h1><span style=\"color: #e09900;\"><strong>Psychoterapia indywidualna<\/strong><\/span><\/h1>\n<p>[\/et_pb_text][\/et_pb_column][\/et_pb_row][\/et_pb_section][et_pb_section fb_built=&#8221;1&#8243; admin_label=&#8221;About Me&#8221; _builder_version=&#8221;4.17.4&#8243; _module_preset=&#8221;default&#8221; background_color=&#8221;#FFFFFF&#8221; transform_translate=&#8221;-35px|0px&#8221; module_alignment=&#8221;center&#8221; custom_padding=&#8221;||14px||false|false&#8221; global_colors_info=&#8221;{}&#8221;][et_pb_row column_structure=&#8221;2_5,3_5&#8243; use_custom_gutter=&#8221;on&#8221; gutter_width=&#8221;1&#8243; make_equal=&#8221;on&#8221; padding_top_bottom_link_2=&#8221;true&#8221; padding_left_right_link_2=&#8221;true&#8221; _builder_version=&#8221;4.17.4&#8243; _module_preset=&#8221;default&#8221; background_color=&#8221;#FFFFFF&#8221; width=&#8221;86%&#8221; max_width=&#8221;91.5%&#8221; module_alignment=&#8221;right&#8221; custom_margin=&#8221;|0px||&#8221; custom_margin_tablet=&#8221;|10%||10%||true&#8221; custom_margin_phone=&#8221;&#8221; custom_margin_last_edited=&#8221;on|tablet&#8221; custom_padding=&#8221;55px|0px|0|0px|false|false&#8221; use_custom_width=&#8221;on&#8221; width_unit=&#8221;off&#8221; global_colors_info=&#8221;{}&#8221;][et_pb_column type=&#8221;2_5&#8243; _builder_version=&#8221;4.16&#8243; _module_preset=&#8221;default&#8221; custom_padding=&#8221;|||&#8221; global_colors_info=&#8221;{}&#8221; custom_padding__hover=&#8221;|||&#8221;][et_pb_image src=&#8221;https:\/\/psychoterapiawtoruniu.pl\/wp-content\/uploads\/2022\/08\/tecza-na-strone-scaled.jpeg&#8221; title_text=&#8221;t\u0119cza na stron\u0119&#8221; force_fullwidth=&#8221;on&#8221; align_tablet=&#8221;center&#8221; align_phone=&#8221;&#8221; align_last_edited=&#8221;on|desktop&#8221; _builder_version=&#8221;4.17.4&#8243; _module_preset=&#8221;default&#8221; custom_margin=&#8221;-60px|-60%|||false|false&#8221; custom_margin_tablet=&#8221;|0%||&#8221; custom_margin_phone=&#8221;&#8221; custom_margin_last_edited=&#8221;on|desktop&#8221; animation_style=&#8221;slide&#8221; animation_direction=&#8221;right&#8221; animation_intensity_slide=&#8221;5%&#8221; global_colors_info=&#8221;{}&#8221;][\/et_pb_image][\/et_pb_column][et_pb_column type=&#8221;3_5&#8243; _builder_version=&#8221;4.17.4&#8243; _module_preset=&#8221;default&#8221; background_color=&#8221;#FFFFFF&#8221; custom_padding=&#8221;0px|60px|19px|60px|false|false&#8221; custom_padding_tablet=&#8221;40px|60px|40px|60px&#8221; custom_padding_phone=&#8221;|40px||40px||true&#8221; custom_padding_last_edited=&#8221;on|phone&#8221; global_colors_info=&#8221;{}&#8221; padding_phone=&#8221;|40px||40px||true&#8221; padding_last_edited=&#8221;on|phone&#8221; custom_padding__hover=&#8221;|||&#8221;][et_pb_text _builder_version=&#8221;4.17.4&#8243; _module_preset=&#8221;default&#8221; text_font=&#8221;||||||||&#8221; text_font_size=&#8221;16px&#8221; text_line_height=&#8221;2em&#8221; header_font=&#8221;||||||||&#8221; header_2_font=&#8221;Montserrat|300|||||||&#8221; header_2_font_size=&#8221;40px&#8221; header_2_line_height=&#8221;1.4em&#8221; header_5_font=&#8221;||||||||&#8221; header_5_text_color=&#8221;#7f8dff&#8221; header_5_line_height=&#8221;2em&#8221; background_color=&#8221;#FFFFFF&#8221; max_width=&#8221;700px&#8221; min_height=&#8221;1668px&#8221; custom_padding=&#8221;3px|||7px||&#8221; header_2_font_size_tablet=&#8221;&#8221; header_2_font_size_phone=&#8221;30px&#8221; header_2_font_size_last_edited=&#8221;on|phone&#8221; locked=&#8221;off&#8221; global_colors_info=&#8221;{}&#8221;]<\/p>\n<p>Pewnie trafi\u0142a\u015b\/e\u015b do nas szukaj\u0105c psychologa lub psychoterapeuty w Toruniu, nurcie Gestalt lub innych nurtach.<\/p>\n<p>Je\u015bli tak to jeste\u015b w dobrym miejscu. Jeste\u015bmy zespo\u0142em terapeut\u00f3w. Pracujemy w\u00a0 nurtach Gestalt, integratywnym, psychodynaicznym, prowadzimy tak\u017ce terapi\u0119 uzale\u017cnie\u0144. Pracujemy z osobami doros\u0142ymi oraz nastolatkami.<strong><span style=\"color: #e09900;\"><\/span><\/strong><strong><span style=\"color: #e09900;\"><\/span><\/strong><\/p>\n<h3><strong><span style=\"color: #e09900;\">Nasze metody pracy indywidualnej<\/span><\/strong><\/h3>\n<p>Jako psychoterapeuci w prac\u0119 z klientami wk\u0142adamy wszystkie swoje zasoby. Du\u017co korzystamy ze \u015bwiadomo\u015bci tego co si\u0119 dzieje w ciele.\u00a0 Wierzymy, \u017ce ka\u017cdy nasz klient ma w sobie zasoby, aby znale\u017a\u0107 rozwi\u0105zanie. My jeste\u015bmy po to, aby pom\u00f3c znale\u017a\u0107 drog\u0119 do niego.<\/p>\n<h3><strong><span style=\"color: #e09900;\">Wsparcie<\/span><\/strong><\/h3>\n<p>Psychoterapia mo\u017ce pom\u00f3c Ci nie tylko gdy cierpisz z powodu trudno\u015bci w relacji, traumy, depresji, zaburze\u0144 l\u0119kowych, fobii, straty, \u017ca\u0142oby, trudnego momentu w \u017cyciu, r\u00f3\u017cnych form adaptacji, jak r\u00f3wnie\u017c stanowi form\u0119 Twojego samorozwoju.<\/p>\n<h3><strong><span style=\"color: #e09900;\">Ty<\/span><\/strong><\/h3>\n<p>Podczas spotka\u0144 uwaga jest skierowana tylko na Ciebie, Twoje potrzeby, to co m\u00f3wisz i jakie gesty wykonujesz.<\/p>\n<h3><strong><span style=\"color: #e09900;\">Uwa\u017cno\u015b\u0107<\/span><\/strong><\/h3>\n<p><span>Nasz\u0105, jako psychoterapeut\u00f3w, rol\u0105 jest towarzyszy\u0107 Ci w Twojej drodze i zauwa\u017cy\u0107 wszystko co si\u0119 dzieje z Tob\u0105 gdy prze\u017cywasz jakie\u015b emocje. Na przyk\u0142ad mo\u017cemy powiedzie\u0107 &#8222;zaszkli\u0142y Ci si\u0119 oczy&#8221;, &#8222;skuli\u0142a\u015b si\u0119, gdy m\u00f3wi\u0142a\u015b o&#8230;&#8221;, &#8222;zacisn\u0105\u0142e\u015b pi\u0119\u015bci&#8221;, &#8222;westchn\u0119\u0142a\u015b g\u0142o\u015bno&#8221;. Pracujemy wtedy z tym ruchem, z tym o czym by\u0142a ta konkretna Twoja reakcja. Czasem pracujemy z cisz\u0105, a czasem krzyczymy- mam w gabinecie miejsce gdzie mo\u017cemy krzycze\u0107 bez skr\u0119powania. Czasem bywa trudno i wtedy pomo\u017cemy Ci przej\u015b\u0107 przez ten trudniejszy czas. Cokolwiek si\u0119 zadzieje b\u0119dziemy Ci\u0119 wpiera\u0107.\u00a0<\/span><\/p>\n<h3><strong><span style=\"color: #e09900;\">Zaufanie<\/span><\/strong><\/h3>\n<p>To co istotne w ka\u017cdej terapii to wzajemne zaufanie i relacja na nim oparta, bez niego \u017cadna terapia nie b\u0119dzie skuteczna.\u00a0 Dlatego pierwsze nasze spotkanie b\u0119dzie konsultacyjne &#8211; porozmawiamy i wsp\u00f3lnie zdecydujemy czy mamy szanse zbudowa\u0107 uzdrawiaj\u0105c\u0105 relacj\u0119, na kt\u00f3rej mo\u017cesz si\u0119 wesprze\u0107.<span><\/span><\/p>\n<h3><strong><span style=\"color: #e09900;\">Ramy<\/span><\/strong><\/h3>\n<p>Pierwsze trzy sesje zawsze traktujemy jak konsultacje, podczas kt\u00f3rej si\u0119 poznajemy i decydujemy czy chcemy kontynuowa\u0107 ze sob\u0105 terapi\u0119. Je\u015bli z jaki\u015b przyczyn uznamy, \u017ce nie mo\u017cemy Ci\u0119 wesprze\u0107 to pomo\u017cemy znale\u017a\u0107 Ci wsparcie innych terapeut\u00f3w.<\/p>\n<p>Spotkanie trwa zawsze 50 minut, widzimy si\u0119 co tydzie\u0144. Bardzo wa\u017cna jest systematyczno\u015b\u0107 pracy.<\/p>\n<p>Koszt spotkania w terapii indywidualnej to 180 z\u0142otych.<\/p>\n<p>[\/et_pb_text][\/et_pb_column][\/et_pb_row][\/et_pb_section][et_pb_section fb_built=&#8221;1&#8243; admin_label=&#8221;My Experience&#8221; _builder_version=&#8221;4.17.4&#8243; _module_preset=&#8221;default&#8221; background_color=&#8221;#d6d6d6&#8243; custom_margin=&#8221;||-56px|||&#8221; top_divider_style=&#8221;curve&#8221; top_divider_color=&#8221;#FFFFFF&#8221; top_divider_height=&#8221;72px&#8221; global_colors_info=&#8221;{}&#8221;][et_pb_row _builder_version=&#8221;4.16&#8243; _module_preset=&#8221;default&#8221; animation_style=&#8221;fade&#8221; global_colors_info=&#8221;{}&#8221;][et_pb_column type=&#8221;4_4&#8243; _builder_version=&#8221;4.16&#8243; _module_preset=&#8221;default&#8221; custom_padding=&#8221;|||&#8221; global_colors_info=&#8221;{}&#8221; custom_padding__hover=&#8221;|||&#8221;][et_pb_button button_url=&#8221;https:\/\/psychoterapiawtoruniu.pl\/index.php\/kontakt\/&#8221; url_new_window=&#8221;on&#8221; button_text=&#8221;Kontakt do nas&#8221; button_alignment=&#8221;center&#8221; _builder_version=&#8221;4.17.4&#8243; _module_preset=&#8221;default&#8221; custom_button=&#8221;on&#8221; button_text_size=&#8221;14px&#8221; button_text_color=&#8221;#ffffff&#8221; button_bg_color=&#8221;#e0af45&#8243; button_border_color=&#8221;rgba(0,0,0,0)&#8221; button_border_radius=&#8221;100px&#8221; button_letter_spacing=&#8221;2px&#8221; button_font=&#8221;Montserrat|||on|||||&#8221; custom_padding=&#8221;16px|30px|16px|30px|true|true&#8221; button_text_shadow_style=&#8221;preset2&#8243; button_text_shadow_horizontal_length=&#8221;0.19em&#8221; button_text_shadow_color=&#8221;#000000&#8243; box_shadow_style=&#8221;preset3&#8243; box_shadow_color=&#8221;rgba(127,141,255,0.4)&#8221; button_letter_spacing_hover=&#8221;2px&#8221; global_colors_info=&#8221;{}&#8221; button_text_size__hover_enabled=&#8221;off&#8221; button_one_text_size__hover_enabled=&#8221;off&#8221; button_two_text_size__hover_enabled=&#8221;off&#8221; button_text_color__hover_enabled=&#8221;off&#8221; button_one_text_color__hover_enabled=&#8221;off&#8221; button_two_text_color__hover_enabled=&#8221;off&#8221; button_border_width__hover_enabled=&#8221;off&#8221; button_one_border_width__hover_enabled=&#8221;off&#8221; button_two_border_width__hover_enabled=&#8221;off&#8221; button_border_color__hover_enabled=&#8221;off&#8221; button_one_border_color__hover_enabled=&#8221;off&#8221; button_two_border_color__hover_enabled=&#8221;off&#8221; button_border_radius__hover_enabled=&#8221;off&#8221; button_one_border_radius__hover_enabled=&#8221;off&#8221; button_two_border_radius__hover_enabled=&#8221;off&#8221; button_letter_spacing__hover_enabled=&#8221;on&#8221; button_letter_spacing__hover=&#8221;2px&#8221; button_one_letter_spacing__hover_enabled=&#8221;off&#8221; button_two_letter_spacing__hover_enabled=&#8221;off&#8221; button_bg_color__hover_enabled=&#8221;off&#8221; button_one_bg_color__hover_enabled=&#8221;off&#8221; button_two_bg_color__hover_enabled=&#8221;off&#8221;][\/et_pb_button][\/et_pb_column][\/et_pb_row][\/et_pb_section]<\/p>\n","protected":false},"excerpt":{"rendered":"<p>Psychoterapia indywidualnaPewnie trafi\u0142a\u015b\/e\u015b do nas szukaj\u0105c psychologa lub psychoterapeuty w Toruniu, nurcie Gestalt lub innych nurtach. Je\u015bli tak to jeste\u015b w dobrym miejscu. Jeste\u015bmy zespo\u0142em terapeut\u00f3w. Pracujemy w\u00a0 nurtach Gestalt, integratywnym, psychodynaicznym, prowadzimy tak\u017ce terapi\u0119 uzale\u017cnie\u0144. Pracujemy z osobami doros\u0142ymi oraz nastolatkami. Nasze metody pracy indywidualnej Jako psychoterapeuci w prac\u0119 z klientami wk\u0142adamy wszystkie swoje [&hellip;]<\/p>\n","protected":false},"author":1,"featured_media":0,"parent":0,"menu_order":0,"comment_status":"closed","ping_status":"closed","template":"","meta":{"_et_pb_use_builder":"on","_et_pb_old_content":"","_et_gb_content_width":"","footnotes":""},"class_list":["post-335","page","type-page","status-publish","hentry"],"yoast_head":"<!-- This site is optimized with the Yoast SEO plugin v19.7.1 - https:\/\/yoast.com\/wordpress\/plugins\/seo\/ -->\n<title>Psychoterapia - Psychoterapia w Toruniu<\/title>\n<meta name=\"robots\" content=\"index, follow, max-snippet:-1, max-image-preview:large, max-video-preview:-1\" \/>\n<link rel=\"canonical\" href=\"https:\/\/psychoterapiawtoruniu.pl\/index.php\/psychoterapia\/\" \/>\n<meta property=\"og:locale\" content=\"pl_PL\" \/>\n<meta property=\"og:type\" content=\"article\" \/>\n<meta property=\"og:title\" content=\"Psychoterapia - Psychoterapia w Toruniu\" \/>\n<meta property=\"og:description\" content=\"Psychoterapia indywidualnaPewnie trafi\u0142a\u015b\/e\u015b do nas szukaj\u0105c psychologa lub psychoterapeuty w Toruniu, nurcie Gestalt lub innych nurtach. Je\u015bli tak to jeste\u015b w dobrym miejscu. Jeste\u015bmy zespo\u0142em terapeut\u00f3w. Pracujemy w\u00a0 nurtach Gestalt, integratywnym, psychodynaicznym, prowadzimy tak\u017ce terapi\u0119 uzale\u017cnie\u0144. Pracujemy z osobami doros\u0142ymi oraz nastolatkami. Nasze metody pracy indywidualnej Jako psychoterapeuci w prac\u0119 z klientami wk\u0142adamy wszystkie swoje [&hellip;]\" \/>\n<meta property=\"og:url\" content=\"https:\/\/psychoterapiawtoruniu.pl\/index.php\/psychoterapia\/\" \/>\n<meta property=\"og:site_name\" content=\"Psychoterapia w Toruniu\" \/>\n<meta property=\"article:publisher\" content=\"https:\/\/www.facebook.com\/profile.php?id=100082748626420\" \/>\n<meta property=\"article:modified_time\" content=\"2026-04-07T08:51:03+00:00\" \/>\n<meta name=\"twitter:card\" content=\"summary_large_image\" \/>\n<meta name=\"twitter:label1\" content=\"Szacowany czas czytania\" \/>\n\t<meta name=\"twitter:data1\" content=\"6 minut\" \/>\n<script type=\"application\/ld+json\" class=\"yoast-schema-graph\">{\"@context\":\"https:\/\/schema.org\",\"@graph\":[{\"@type\":\"WebPage\",\"@id\":\"https:\/\/psychoterapiawtoruniu.pl\/index.php\/psychoterapia\/\",\"url\":\"https:\/\/psychoterapiawtoruniu.pl\/index.php\/psychoterapia\/\",\"name\":\"Psychoterapia - Psychoterapia w Toruniu\",\"isPartOf\":{\"@id\":\"https:\/\/psychoterapiawtoruniu.pl\/#website\"},\"datePublished\":\"2022-08-07T13:43:59+00:00\",\"dateModified\":\"2026-04-07T08:51:03+00:00\",\"breadcrumb\":{\"@id\":\"https:\/\/psychoterapiawtoruniu.pl\/index.php\/psychoterapia\/#breadcrumb\"},\"inLanguage\":\"pl-PL\",\"potentialAction\":[{\"@type\":\"ReadAction\",\"target\":[\"https:\/\/psychoterapiawtoruniu.pl\/index.php\/psychoterapia\/\"]}]},{\"@type\":\"BreadcrumbList\",\"@id\":\"https:\/\/psychoterapiawtoruniu.pl\/index.php\/psychoterapia\/#breadcrumb\",\"itemListElement\":[{\"@type\":\"ListItem\",\"position\":1,\"name\":\"Strona g\u0142\u00f3wna\",\"item\":\"https:\/\/psychoterapiawtoruniu.pl\/\"},{\"@type\":\"ListItem\",\"position\":2,\"name\":\"Psychoterapia\"}]},{\"@type\":\"WebSite\",\"@id\":\"https:\/\/psychoterapiawtoruniu.pl\/#website\",\"url\":\"https:\/\/psychoterapiawtoruniu.pl\/\",\"name\":\"Psychoterapia w Toruniu\",\"description\":\"\",\"potentialAction\":[{\"@type\":\"SearchAction\",\"target\":{\"@type\":\"EntryPoint\",\"urlTemplate\":\"https:\/\/psychoterapiawtoruniu.pl\/?s={search_term_string}\"},\"query-input\":\"required name=search_term_string\"}],\"inLanguage\":\"pl-PL\"}]}<\/script>\n<!-- \/ Yoast SEO plugin. -->","yoast_head_json":{"title":"Psychoterapia - Psychoterapia w Toruniu","robots":{"index":"index","follow":"follow","max-snippet":"max-snippet:-1","max-image-preview":"max-image-preview:large","max-video-preview":"max-video-preview:-1"},"canonical":"https:\/\/psychoterapiawtoruniu.pl\/index.php\/psychoterapia\/","og_locale":"pl_PL","og_type":"article","og_title":"Psychoterapia - Psychoterapia w Toruniu","og_description":"Psychoterapia indywidualnaPewnie trafi\u0142a\u015b\/e\u015b do nas szukaj\u0105c psychologa lub psychoterapeuty w Toruniu, nurcie Gestalt lub innych nurtach. Je\u015bli tak to jeste\u015b w dobrym miejscu. Jeste\u015bmy zespo\u0142em terapeut\u00f3w. Pracujemy w\u00a0 nurtach Gestalt, integratywnym, psychodynaicznym, prowadzimy tak\u017ce terapi\u0119 uzale\u017cnie\u0144. Pracujemy z osobami doros\u0142ymi oraz nastolatkami. Nasze metody pracy indywidualnej Jako psychoterapeuci w prac\u0119 z klientami wk\u0142adamy wszystkie swoje [&hellip;]","og_url":"https:\/\/psychoterapiawtoruniu.pl\/index.php\/psychoterapia\/","og_site_name":"Psychoterapia w Toruniu","article_publisher":"https:\/\/www.facebook.com\/profile.php?id=100082748626420","article_modified_time":"2026-04-07T08:51:03+00:00","twitter_card":"summary_large_image","twitter_misc":{"Szacowany czas czytania":"6 minut"},"schema":{"@context":"https:\/\/schema.org","@graph":[{"@type":"WebPage","@id":"https:\/\/psychoterapiawtoruniu.pl\/index.php\/psychoterapia\/","url":"https:\/\/psychoterapiawtoruniu.pl\/index.php\/psychoterapia\/","name":"Psychoterapia - Psychoterapia w Toruniu","isPartOf":{"@id":"https:\/\/psychoterapiawtoruniu.pl\/#website"},"datePublished":"2022-08-07T13:43:59+00:00","dateModified":"2026-04-07T08:51:03+00:00","breadcrumb":{"@id":"https:\/\/psychoterapiawtoruniu.pl\/index.php\/psychoterapia\/#breadcrumb"},"inLanguage":"pl-PL","potentialAction":[{"@type":"ReadAction","target":["https:\/\/psychoterapiawtoruniu.pl\/index.php\/psychoterapia\/"]}]},{"@type":"BreadcrumbList","@id":"https:\/\/psychoterapiawtoruniu.pl\/index.php\/psychoterapia\/#breadcrumb","itemListElement":[{"@type":"ListItem","position":1,"name":"Strona g\u0142\u00f3wna","item":"https:\/\/psychoterapiawtoruniu.pl\/"},{"@type":"ListItem","position":2,"name":"Psychoterapia"}]},{"@type":"WebSite","@id":"https:\/\/psychoterapiawtoruniu.pl\/#website","url":"https:\/\/psychoterapiawtoruniu.pl\/","name":"Psychoterapia w Toruniu","description":"","potentialAction":[{"@type":"SearchAction","target":{"@type":"EntryPoint","urlTemplate":"https:\/\/psychoterapiawtoruniu.pl\/?s={search_term_string}"},"query-input":"required name=search_term_string"}],"inLanguage":"pl-PL"}]}},"_links":{"self":[{"href":"https:\/\/psychoterapiawtoruniu.pl\/index.php\/wp-json\/wp\/v2\/pages\/335","targetHints":{"allow":["GET"]}}],"collection":[{"href":"https:\/\/psychoterapiawtoruniu.pl\/index.php\/wp-json\/wp\/v2\/pages"}],"about":[{"href":"https:\/\/psychoterapiawtoruniu.pl\/index.php\/wp-json\/wp\/v2\/types\/page"}],"author":[{"embeddable":true,"href":"https:\/\/psychoterapiawtoruniu.pl\/index.php\/wp-json\/wp\/v2\/users\/1"}],"replies":[{"embeddable":true,"href":"https:\/\/psychoterapiawtoruniu.pl\/index.php\/wp-json\/wp\/v2\/comments?post=335"}],"version-history":[{"count":69,"href":"https:\/\/psychoterapiawtoruniu.pl\/index.php\/wp-json\/wp\/v2\/pages\/335\/revisions"}],"predecessor-version":[{"id":980,"href":"https:\/\/psychoterapiawtoruniu.pl\/index.php\/wp-json\/wp\/v2\/pages\/335\/revisions\/980"}],"wp:attachment":[{"href":"https:\/\/psychoterapiawtoruniu.pl\/index.php\/wp-json\/wp\/v2\/media?parent=335"}],"curies":[{"name":"wp","href":"https:\/\/api.w.org\/{rel}","templated":true}]}}