{"id":860,"date":"2025-08-30T21:29:11","date_gmt":"2025-08-30T19:29:11","guid":{"rendered":"https:\/\/psychoterapiawtoruniu.pl\/?page_id=860"},"modified":"2026-04-07T10:50:25","modified_gmt":"2026-04-07T08:50:25","slug":"psychoterapia-par","status":"publish","type":"page","link":"https:\/\/psychoterapiawtoruniu.pl\/index.php\/psychoterapia-par\/","title":{"rendered":"Psychoterapia par"},"content":{"rendered":"<p>[et_pb_section fb_built=&#8221;1&#8243; next_background_color=&#8221;#FFFFFF&#8221; _builder_version=&#8221;4.17.4&#8243; _module_preset=&#8221;default&#8221; use_background_color_gradient=&#8221;on&#8221; background_color_gradient_type=&#8221;circular&#8221; background_color_gradient_direction_radial=&#8221;top left&#8221; background_color_gradient_stops=&#8221;rgba(255,227,208,0.7) 50%|rgba(255,227,208,0.3) 100%&#8221; background_color_gradient_overlays_image=&#8221;on&#8221; background_color_gradient_start=&#8221;rgba(255,227,208,0.7)&#8221; background_color_gradient_start_position=&#8221;50%&#8221; background_color_gradient_end=&#8221;rgba(255,227,208,0.3)&#8221; background_image=&#8221;https:\/\/psychoterapiawtoruniu.pl\/wp-content\/uploads\/2022\/08\/gabinet-logo.png&#8221; custom_margin=&#8221;||||false&#8221; custom_padding=&#8221;2vw||4vw||false|false&#8221; mix_blend_mode=&#8221;lighten&#8221; bottom_divider_style=&#8221;curve&#8221; bottom_divider_height=&#8221;2.5vw&#8221; global_colors_info=&#8221;{}&#8221;][et_pb_row _builder_version=&#8221;4.16&#8243; _module_preset=&#8221;default&#8221; animation_style=&#8221;fade&#8221; global_colors_info=&#8221;{}&#8221;][et_pb_column type=&#8221;4_4&#8243; _builder_version=&#8221;4.16&#8243; _module_preset=&#8221;default&#8221; custom_padding=&#8221;|||&#8221; global_colors_info=&#8221;{}&#8221; custom_padding__hover=&#8221;|||&#8221;][et_pb_text _builder_version=&#8221;4.17.4&#8243; _module_preset=&#8221;default&#8221; text_font=&#8221;||||||||&#8221; text_font_size=&#8221;18px&#8221; text_line_height=&#8221;2em&#8221; header_font=&#8221;Montserrat|300|||||||&#8221; header_font_size=&#8221;50px&#8221; header_line_height=&#8221;1.4em&#8221; text_orientation=&#8221;center&#8221; max_width=&#8221;700px&#8221; module_alignment=&#8221;center&#8221; header_font_size_tablet=&#8221;40px&#8221; header_font_size_phone=&#8221;32px&#8221; header_font_size_last_edited=&#8221;on|desktop&#8221; text_text_shadow_style=&#8221;preset5&#8243; text_text_shadow_color=&#8221;#000000&#8243; global_colors_info=&#8221;{}&#8221;]<\/p>\n<h1><span style=\"color: #e09900;\"><strong>Psychoterapia <\/strong><\/span><span style=\"color: #e09900;\"><strong>par<\/strong><\/span><\/h1>\n<p>[\/et_pb_text][\/et_pb_column][\/et_pb_row][\/et_pb_section][et_pb_section fb_built=&#8221;1&#8243; admin_label=&#8221;About Me&#8221; _builder_version=&#8221;4.17.4&#8243; _module_preset=&#8221;default&#8221; background_color=&#8221;#FFFFFF&#8221; transform_translate=&#8221;-35px|0px&#8221; module_alignment=&#8221;center&#8221; custom_padding=&#8221;||14px||false|false&#8221; global_colors_info=&#8221;{}&#8221;][et_pb_row column_structure=&#8221;1_3,2_3&#8243; make_equal=&#8221;on&#8221; padding_top_bottom_link_2=&#8221;true&#8221; padding_left_right_link_2=&#8221;true&#8221; _builder_version=&#8221;4.17.4&#8243; _module_preset=&#8221;default&#8221; background_color=&#8221;#FFFFFF&#8221; width=&#8221;86%&#8221; max_width=&#8221;91.5%&#8221; module_alignment=&#8221;right&#8221; custom_margin=&#8221;|0px||&#8221; custom_margin_tablet=&#8221;|10%||10%||true&#8221; custom_margin_phone=&#8221;&#8221; custom_margin_last_edited=&#8221;on|tablet&#8221; custom_padding=&#8221;47px|0px|4px|0px|false|false&#8221; use_custom_width=&#8221;on&#8221; width_unit=&#8221;off&#8221; global_colors_info=&#8221;{}&#8221;][et_pb_column type=&#8221;1_3&#8243; _builder_version=&#8221;4.16&#8243; _module_preset=&#8221;default&#8221; custom_padding=&#8221;|||&#8221; global_colors_info=&#8221;{}&#8221; custom_padding__hover=&#8221;|||&#8221;][et_pb_image src=&#8221;https:\/\/psychoterapiawtoruniu.pl\/wp-content\/uploads\/2025\/08\/Kolorowy-Prosty-Walentynkowy-Post-na-Facebook_20250830_212230_0000.png&#8221; title_text=&#8221;Kolorowy Prosty Walentynkowy Post na Facebook_20250830_212230_0000&#8243; force_fullwidth=&#8221;on&#8221; align_tablet=&#8221;center&#8221; align_phone=&#8221;&#8221; align_last_edited=&#8221;on|desktop&#8221; _builder_version=&#8221;4.17.4&#8243; _module_preset=&#8221;default&#8221; custom_margin=&#8221;-60px|-54.3%|||false|false&#8221; custom_margin_tablet=&#8221;|0%||&#8221; custom_margin_phone=&#8221;&#8221; custom_margin_last_edited=&#8221;on|desktop&#8221; animation_style=&#8221;slide&#8221; animation_direction=&#8221;right&#8221; animation_intensity_slide=&#8221;5%&#8221; global_colors_info=&#8221;{}&#8221;][\/et_pb_image][\/et_pb_column][et_pb_column type=&#8221;2_3&#8243; _builder_version=&#8221;4.17.4&#8243; _module_preset=&#8221;default&#8221; background_color=&#8221;#FFFFFF&#8221; custom_padding=&#8221;0px|60px|19px|60px|false|false&#8221; custom_padding_tablet=&#8221;40px|60px|40px|60px&#8221; custom_padding_phone=&#8221;|40px||40px||true&#8221; custom_padding_last_edited=&#8221;on|phone&#8221; global_colors_info=&#8221;{}&#8221; padding_phone=&#8221;|40px||40px||true&#8221; padding_last_edited=&#8221;on|phone&#8221; custom_padding__hover=&#8221;|||&#8221;][et_pb_text _builder_version=&#8221;4.17.4&#8243; _module_preset=&#8221;default&#8221; text_font=&#8221;||||||||&#8221; text_font_size=&#8221;16px&#8221; text_line_height=&#8221;2em&#8221; header_font=&#8221;||||||||&#8221; header_2_font=&#8221;Montserrat|300|||||||&#8221; header_2_font_size=&#8221;40px&#8221; header_2_line_height=&#8221;1.4em&#8221; header_5_font=&#8221;||||||||&#8221; header_5_text_color=&#8221;#7f8dff&#8221; header_5_line_height=&#8221;2em&#8221; background_color=&#8221;#FFFFFF&#8221; max_width=&#8221;777px&#8221; min_height=&#8221;620px&#8221; custom_padding=&#8221;3px|||7px||&#8221; header_2_font_size_tablet=&#8221;&#8221; header_2_font_size_phone=&#8221;30px&#8221; header_2_font_size_last_edited=&#8221;on|phone&#8221; locked=&#8221;off&#8221; global_colors_info=&#8221;{}&#8221;]<\/p>\n<p data-start=\"123\" data-end=\"430\"><strong data-start=\"123\" data-end=\"154\">Psychoterapia par<\/strong> w O\u015brodku SELF w Toruniu to przestrze\u0144, w kt\u00f3rej mo\u017cecie na nowo poczu\u0107 blisko\u015b\u0107 i harmoni\u0119 w zwi\u0105zku. Wesprzemy Was je\u015bli przechodzicie przez kryzys w Waszej relacji.<\/p>\n<p data-start=\"225\" data-end=\"574\"><strong data-start=\"225\" data-end=\"246\">Psychoterapia par<\/strong> to proces, kt\u00f3ry pomaga partnerom zatrzyma\u0107 si\u0119, spojrze\u0107 na swoj\u0105 relacj\u0119 z nowej perspektywy i nauczy\u0107 si\u0119 budowa\u0107 bardziej \u015bwiadome, pe\u0142ne szacunku i zrozumienia po\u0142\u0105czenie. Nasza <strong data-start=\"430\" data-end=\"455\">terapia par <\/strong>\u00a0jest skierowana zar\u00f3wno do par prze\u017cywaj\u0105cych kryzys, jak i tych, kt\u00f3re chc\u0105 po prostu poprawi\u0107 jako\u015b\u0107 swojej relacji.<\/p>\n<p data-start=\"576\" data-end=\"746\">Regularnie spotykamy si\u0119 <strong data-start=\"601\" data-end=\"624\">raz na dwa tygodnie<\/strong>, <strong>spotkanie trwa 60 minut i <\/strong>kosztuje 280 z\u0142otych.<\/p>\n<p data-start=\"576\" data-end=\"746\">W <strong>trakcie terapii <\/strong>par:<\/p>\n<ul data-start=\"748\" data-end=\"1717\">\n<li data-start=\"748\" data-end=\"870\">\n<p data-start=\"750\" data-end=\"870\"><strong data-start=\"750\" data-end=\"777\">usprawniamy komunikacj\u0119<\/strong>, tak aby rozmowy by\u0142y mniej konfliktowe, bardziej spokojne i oparte na wzajemnym szacunku,<\/p>\n<\/li>\n<li data-start=\"871\" data-end=\"1011\">\n<p data-start=\"873\" data-end=\"1011\"><strong data-start=\"873\" data-end=\"904\">pomagamy odbudowa\u0107 zaufanie<\/strong>, zw\u0142aszcza po trudnych wydarzeniach, takich jak zdrada, narastaj\u0105ce konflikty czy d\u0142ugotrwa\u0142e oddalenie,<\/p>\n<\/li>\n<li data-start=\"1012\" data-end=\"1121\">\n<p data-start=\"1014\" data-end=\"1121\"><strong data-start=\"1014\" data-end=\"1043\">uczymy uwa\u017cnego s\u0142uchania<\/strong>, rozpoznawania emocji i wyra\u017cania potrzeb w spos\u00f3b zrozumia\u0142y i bezpieczny,<\/p>\n<\/li>\n<li data-start=\"1122\" data-end=\"1266\">\n<p data-start=\"1124\" data-end=\"1266\"><strong data-start=\"1124\" data-end=\"1158\">pracujemy nad regulacj\u0105 emocji<\/strong>, tak aby trudne sytuacje nie prowadzi\u0142y do eskalacji, ale stawa\u0142y si\u0119 pocz\u0105tkiem konstruktywnego dialogu,<\/p>\n<\/li>\n<li data-start=\"1267\" data-end=\"1393\">\n<p data-start=\"1269\" data-end=\"1393\"><strong data-start=\"1269\" data-end=\"1329\">pokazujemy, jak wychodzi\u0107 z powtarzaj\u0105cych si\u0119 schemat\u00f3w<\/strong>, kt\u00f3re latami utrudniaj\u0105 porozumienie i pog\u0142\u0119biaj\u0105 konflikty,<\/p>\n<\/li>\n<li data-start=\"1394\" data-end=\"1470\">\n<p data-start=\"1396\" data-end=\"1470\"><strong data-start=\"1396\" data-end=\"1431\">wspieramy w budowaniu blisko\u015bci<\/strong>,\u00a0<\/p>\n<\/li>\n<li data-start=\"1471\" data-end=\"1583\">\n<p data-start=\"1473\" data-end=\"1583\"><strong data-start=\"1473\" data-end=\"1527\">pomagamy lepiej rozumie\u0107 r\u00f3\u017cnice mi\u0119dzy partnerami<\/strong> i wykorzystywa\u0107 je jako zas\u00f3b, a nie \u017ar\u00f3d\u0142o napi\u0119cia,<\/p>\n<\/li>\n<li data-start=\"1584\" data-end=\"1717\">\n<p data-start=\"1586\" data-end=\"1717\"><strong data-start=\"1586\" data-end=\"1646\">wsp\u00f3lnie szukamy nowych sposob\u00f3w rozwi\u0105zywania problem\u00f3w<\/strong>, adekwatnych do Waszej relacji i tego, jak funkcjonujecie na co dzie\u0144.<\/p>\n<\/li>\n<\/ul>\n<p data-start=\"1719\" data-end=\"1976\">W terapii par nie chodzi o \u201ewskazanie winnego\u201d. Zamiast tego koncentrujemy si\u0119 na zrozumieniu dynamiki zwi\u0105zku, Waszych potrzeb, wzorc\u00f3w zachowa\u0144 i sposob\u00f3w komunikacji. Tworzymy przestrze\u0144, w kt\u00f3rej oboje mo\u017cecie poczu\u0107 si\u0119 bezpiecznie i zosta\u0107 wys\u0142uchani.<\/p>\n<p data-start=\"1978\" data-end=\"2209\">Nasza <strong data-start=\"1984\" data-end=\"2009\">terapia par w Toruniu<\/strong> to szansa na odbudowanie blisko\u015bci, poczucia bezpiecze\u0144stwa i wzajemnego zrozumienia. Razem pracujemy nad tym, by Wasza relacja mog\u0142a si\u0119 rozwija\u0107 i dawa\u0142a Wam wi\u0119cej spokoju, wsparcia i satysfakcji.<\/p>\n<p>[\/et_pb_text][\/et_pb_column][\/et_pb_row][et_pb_row _builder_version=&#8221;4.16&#8243; _module_preset=&#8221;default&#8221; animation_style=&#8221;fade&#8221; global_colors_info=&#8221;{}&#8221;][et_pb_column type=&#8221;4_4&#8243; _builder_version=&#8221;4.16&#8243; _module_preset=&#8221;default&#8221; custom_padding=&#8221;|||&#8221; global_colors_info=&#8221;{}&#8221; custom_padding__hover=&#8221;|||&#8221;][et_pb_button button_url=&#8221;https:\/\/psychoterapiawtoruniu.pl\/index.php\/kontakt\/&#8221; url_new_window=&#8221;on&#8221; button_text=&#8221;Kontakt do nas&#8221; button_alignment=&#8221;center&#8221; _builder_version=&#8221;4.17.4&#8243; _module_preset=&#8221;default&#8221; custom_button=&#8221;on&#8221; button_text_size=&#8221;14px&#8221; button_text_color=&#8221;#ffffff&#8221; button_bg_color=&#8221;#e0af45&#8243; button_border_color=&#8221;rgba(0,0,0,0)&#8221; button_border_radius=&#8221;100px&#8221; button_letter_spacing=&#8221;2px&#8221; button_font=&#8221;Montserrat|||on|||||&#8221; custom_padding=&#8221;16px|30px|16px|30px|true|true&#8221; button_text_shadow_style=&#8221;preset2&#8243; button_text_shadow_horizontal_length=&#8221;0.19em&#8221; button_text_shadow_color=&#8221;#000000&#8243; box_shadow_style=&#8221;preset3&#8243; box_shadow_color=&#8221;rgba(127,141,255,0.4)&#8221; button_letter_spacing_hover=&#8221;2px&#8221; global_colors_info=&#8221;{}&#8221; button_text_size__hover_enabled=&#8221;off&#8221; button_one_text_size__hover_enabled=&#8221;off&#8221; button_two_text_size__hover_enabled=&#8221;off&#8221; button_text_color__hover_enabled=&#8221;off&#8221; button_one_text_color__hover_enabled=&#8221;off&#8221; button_two_text_color__hover_enabled=&#8221;off&#8221; button_border_width__hover_enabled=&#8221;off&#8221; button_one_border_width__hover_enabled=&#8221;off&#8221; button_two_border_width__hover_enabled=&#8221;off&#8221; button_border_color__hover_enabled=&#8221;off&#8221; button_one_border_color__hover_enabled=&#8221;off&#8221; button_two_border_color__hover_enabled=&#8221;off&#8221; button_border_radius__hover_enabled=&#8221;off&#8221; button_one_border_radius__hover_enabled=&#8221;off&#8221; button_two_border_radius__hover_enabled=&#8221;off&#8221; button_letter_spacing__hover_enabled=&#8221;on&#8221; button_letter_spacing__hover=&#8221;2px&#8221; button_one_letter_spacing__hover_enabled=&#8221;off&#8221; button_two_letter_spacing__hover_enabled=&#8221;off&#8221; button_bg_color__hover_enabled=&#8221;off&#8221; button_one_bg_color__hover_enabled=&#8221;off&#8221; button_two_bg_color__hover_enabled=&#8221;off&#8221;][\/et_pb_button][\/et_pb_column][\/et_pb_row][\/et_pb_section]<\/p>\n","protected":false},"excerpt":{"rendered":"<p>Psychoterapia parPsychoterapia par w O\u015brodku SELF w Toruniu to przestrze\u0144, w kt\u00f3rej mo\u017cecie na nowo poczu\u0107 blisko\u015b\u0107 i harmoni\u0119 w zwi\u0105zku. Wesprzemy Was je\u015bli przechodzicie przez kryzys w Waszej relacji. Psychoterapia par to proces, kt\u00f3ry pomaga partnerom zatrzyma\u0107 si\u0119, spojrze\u0107 na swoj\u0105 relacj\u0119 z nowej perspektywy i nauczy\u0107 si\u0119 budowa\u0107 bardziej \u015bwiadome, pe\u0142ne szacunku i [&hellip;]<\/p>\n","protected":false},"author":1,"featured_media":0,"parent":0,"menu_order":0,"comment_status":"closed","ping_status":"closed","template":"","meta":{"_et_pb_use_builder":"on","_et_pb_old_content":"","_et_gb_content_width":"","footnotes":""},"class_list":["post-860","page","type-page","status-publish","hentry"],"yoast_head":"<!-- This site is optimized with the Yoast SEO plugin v19.7.1 - https:\/\/yoast.com\/wordpress\/plugins\/seo\/ -->\n<title>Psychoterapia par - Psychoterapia w Toruniu<\/title>\n<meta name=\"robots\" content=\"index, follow, max-snippet:-1, max-image-preview:large, max-video-preview:-1\" \/>\n<link rel=\"canonical\" href=\"https:\/\/psychoterapiawtoruniu.pl\/index.php\/psychoterapia-par\/\" \/>\n<meta property=\"og:locale\" content=\"pl_PL\" \/>\n<meta property=\"og:type\" content=\"article\" \/>\n<meta property=\"og:title\" content=\"Psychoterapia par - Psychoterapia w Toruniu\" \/>\n<meta property=\"og:description\" content=\"Psychoterapia parPsychoterapia par w O\u015brodku SELF w Toruniu to przestrze\u0144, w kt\u00f3rej mo\u017cecie na nowo poczu\u0107 blisko\u015b\u0107 i harmoni\u0119 w zwi\u0105zku. Wesprzemy Was je\u015bli przechodzicie przez kryzys w Waszej relacji. Psychoterapia par to proces, kt\u00f3ry pomaga partnerom zatrzyma\u0107 si\u0119, spojrze\u0107 na swoj\u0105 relacj\u0119 z nowej perspektywy i nauczy\u0107 si\u0119 budowa\u0107 bardziej \u015bwiadome, pe\u0142ne szacunku i [&hellip;]\" \/>\n<meta property=\"og:url\" content=\"https:\/\/psychoterapiawtoruniu.pl\/index.php\/psychoterapia-par\/\" \/>\n<meta property=\"og:site_name\" content=\"Psychoterapia w Toruniu\" \/>\n<meta property=\"article:publisher\" content=\"https:\/\/www.facebook.com\/profile.php?id=100082748626420\" \/>\n<meta property=\"article:modified_time\" content=\"2026-04-07T08:50:25+00:00\" \/>\n<meta name=\"twitter:card\" content=\"summary_large_image\" \/>\n<script type=\"application\/ld+json\" class=\"yoast-schema-graph\">{\"@context\":\"https:\/\/schema.org\",\"@graph\":[{\"@type\":\"WebPage\",\"@id\":\"https:\/\/psychoterapiawtoruniu.pl\/index.php\/psychoterapia-par\/\",\"url\":\"https:\/\/psychoterapiawtoruniu.pl\/index.php\/psychoterapia-par\/\",\"name\":\"Psychoterapia par - Psychoterapia w Toruniu\",\"isPartOf\":{\"@id\":\"https:\/\/psychoterapiawtoruniu.pl\/#website\"},\"datePublished\":\"2025-08-30T19:29:11+00:00\",\"dateModified\":\"2026-04-07T08:50:25+00:00\",\"breadcrumb\":{\"@id\":\"https:\/\/psychoterapiawtoruniu.pl\/index.php\/psychoterapia-par\/#breadcrumb\"},\"inLanguage\":\"pl-PL\",\"potentialAction\":[{\"@type\":\"ReadAction\",\"target\":[\"https:\/\/psychoterapiawtoruniu.pl\/index.php\/psychoterapia-par\/\"]}]},{\"@type\":\"BreadcrumbList\",\"@id\":\"https:\/\/psychoterapiawtoruniu.pl\/index.php\/psychoterapia-par\/#breadcrumb\",\"itemListElement\":[{\"@type\":\"ListItem\",\"position\":1,\"name\":\"Strona g\u0142\u00f3wna\",\"item\":\"https:\/\/psychoterapiawtoruniu.pl\/\"},{\"@type\":\"ListItem\",\"position\":2,\"name\":\"Psychoterapia par\"}]},{\"@type\":\"WebSite\",\"@id\":\"https:\/\/psychoterapiawtoruniu.pl\/#website\",\"url\":\"https:\/\/psychoterapiawtoruniu.pl\/\",\"name\":\"Psychoterapia w Toruniu\",\"description\":\"\",\"potentialAction\":[{\"@type\":\"SearchAction\",\"target\":{\"@type\":\"EntryPoint\",\"urlTemplate\":\"https:\/\/psychoterapiawtoruniu.pl\/?s={search_term_string}\"},\"query-input\":\"required name=search_term_string\"}],\"inLanguage\":\"pl-PL\"}]}<\/script>\n<!-- \/ Yoast SEO plugin. -->","yoast_head_json":{"title":"Psychoterapia par - Psychoterapia w Toruniu","robots":{"index":"index","follow":"follow","max-snippet":"max-snippet:-1","max-image-preview":"max-image-preview:large","max-video-preview":"max-video-preview:-1"},"canonical":"https:\/\/psychoterapiawtoruniu.pl\/index.php\/psychoterapia-par\/","og_locale":"pl_PL","og_type":"article","og_title":"Psychoterapia par - Psychoterapia w Toruniu","og_description":"Psychoterapia parPsychoterapia par w O\u015brodku SELF w Toruniu to przestrze\u0144, w kt\u00f3rej mo\u017cecie na nowo poczu\u0107 blisko\u015b\u0107 i harmoni\u0119 w zwi\u0105zku. Wesprzemy Was je\u015bli przechodzicie przez kryzys w Waszej relacji. Psychoterapia par to proces, kt\u00f3ry pomaga partnerom zatrzyma\u0107 si\u0119, spojrze\u0107 na swoj\u0105 relacj\u0119 z nowej perspektywy i nauczy\u0107 si\u0119 budowa\u0107 bardziej \u015bwiadome, pe\u0142ne szacunku i [&hellip;]","og_url":"https:\/\/psychoterapiawtoruniu.pl\/index.php\/psychoterapia-par\/","og_site_name":"Psychoterapia w Toruniu","article_publisher":"https:\/\/www.facebook.com\/profile.php?id=100082748626420","article_modified_time":"2026-04-07T08:50:25+00:00","twitter_card":"summary_large_image","schema":{"@context":"https:\/\/schema.org","@graph":[{"@type":"WebPage","@id":"https:\/\/psychoterapiawtoruniu.pl\/index.php\/psychoterapia-par\/","url":"https:\/\/psychoterapiawtoruniu.pl\/index.php\/psychoterapia-par\/","name":"Psychoterapia par - Psychoterapia w Toruniu","isPartOf":{"@id":"https:\/\/psychoterapiawtoruniu.pl\/#website"},"datePublished":"2025-08-30T19:29:11+00:00","dateModified":"2026-04-07T08:50:25+00:00","breadcrumb":{"@id":"https:\/\/psychoterapiawtoruniu.pl\/index.php\/psychoterapia-par\/#breadcrumb"},"inLanguage":"pl-PL","potentialAction":[{"@type":"ReadAction","target":["https:\/\/psychoterapiawtoruniu.pl\/index.php\/psychoterapia-par\/"]}]},{"@type":"BreadcrumbList","@id":"https:\/\/psychoterapiawtoruniu.pl\/index.php\/psychoterapia-par\/#breadcrumb","itemListElement":[{"@type":"ListItem","position":1,"name":"Strona g\u0142\u00f3wna","item":"https:\/\/psychoterapiawtoruniu.pl\/"},{"@type":"ListItem","position":2,"name":"Psychoterapia par"}]},{"@type":"WebSite","@id":"https:\/\/psychoterapiawtoruniu.pl\/#website","url":"https:\/\/psychoterapiawtoruniu.pl\/","name":"Psychoterapia w Toruniu","description":"","potentialAction":[{"@type":"SearchAction","target":{"@type":"EntryPoint","urlTemplate":"https:\/\/psychoterapiawtoruniu.pl\/?s={search_term_string}"},"query-input":"required name=search_term_string"}],"inLanguage":"pl-PL"}]}},"_links":{"self":[{"href":"https:\/\/psychoterapiawtoruniu.pl\/index.php\/wp-json\/wp\/v2\/pages\/860","targetHints":{"allow":["GET"]}}],"collection":[{"href":"https:\/\/psychoterapiawtoruniu.pl\/index.php\/wp-json\/wp\/v2\/pages"}],"about":[{"href":"https:\/\/psychoterapiawtoruniu.pl\/index.php\/wp-json\/wp\/v2\/types\/page"}],"author":[{"embeddable":true,"href":"https:\/\/psychoterapiawtoruniu.pl\/index.php\/wp-json\/wp\/v2\/users\/1"}],"replies":[{"embeddable":true,"href":"https:\/\/psychoterapiawtoruniu.pl\/index.php\/wp-json\/wp\/v2\/comments?post=860"}],"version-history":[{"count":14,"href":"https:\/\/psychoterapiawtoruniu.pl\/index.php\/wp-json\/wp\/v2\/pages\/860\/revisions"}],"predecessor-version":[{"id":979,"href":"https:\/\/psychoterapiawtoruniu.pl\/index.php\/wp-json\/wp\/v2\/pages\/860\/revisions\/979"}],"wp:attachment":[{"href":"https:\/\/psychoterapiawtoruniu.pl\/index.php\/wp-json\/wp\/v2\/media?parent=860"}],"curies":[{"name":"wp","href":"https:\/\/api.w.org\/{rel}","templated":true}]}}